{"id":10,"date":"2026-01-15T10:35:38","date_gmt":"2026-01-15T10:35:38","guid":{"rendered":"http:\/\/tacomma.com\/?page_id=10"},"modified":"2026-01-18T21:23:08","modified_gmt":"2026-01-18T21:23:08","slug":"mutua","status":"publish","type":"page","link":"https:\/\/tacomma.com\/index.php\/jeune-public\/mutua\/","title":{"rendered":"MUTUA"},"content":{"rendered":"\n<h1 class=\"wp-block-heading\">MUTUA ET l&rsquo;ARBRE ENCHANT\u00c9<\/h1>\n\n\n\n<p>Mutua, jeune fl\u00fbtiste amazonien, se rend tous les jours aupr\u00e8s de l&rsquo;arbre enchant\u00e9 pour lui jouer sa musique pr\u00e9f\u00e9r\u00e9e. L&rsquo;arbre le remercie en lui offrant des fruits d\u00e9licieux que Mutualismes offre \u00e0 sa grand-m\u00e8re. Mais un jour&#8230; M\u00ealant musique live, r\u00e9cit et illustrations, ce spectacle \u00e9merveill\u00e9 les auditeurs et les esprits curieux. <\/p>\n\n\n\n<p>Jean-Baptiste Berger &#8211; clarinette et percussions <\/p>\n\n\n\n<p>Tommaso Montagnani &#8211; contrebasse, narration et illustrations , lumieres <\/p>\n\n\n\n<p>Caroline Chaudre &#8211; mise en sc\u00e8ne<\/p>\n\n\n\n<figure class=\"wp-block-embed is-type-video is-provider-youtube wp-block-embed-youtube wp-embed-aspect-16-9 wp-has-aspect-ratio\"><div class=\"wp-block-embed__wrapper\">\n<iframe loading=\"lazy\" title=\"MUTUA ET l&#039;ARBRE ENCHANT\u00c9\" width=\"920\" height=\"518\" src=\"https:\/\/www.youtube.com\/embed\/wVKnDYDdRWE?feature=oembed\" frameborder=\"0\" allow=\"accelerometer; autoplay; clipboard-write; encrypted-media; gyroscope; picture-in-picture; web-share\" referrerpolicy=\"strict-origin-when-cross-origin\" allowfullscreen><\/iframe>\n<\/div><\/figure>\n\n\n\n<figure class=\"wp-block-image size-large\"><img loading=\"lazy\" decoding=\"async\" width=\"1024\" height=\"683\" src=\"https:\/\/tacomma.com\/wp-content\/uploads\/2026\/01\/L1150418-1024x683.jpg\" alt=\"\" class=\"wp-image-74\" srcset=\"https:\/\/tacomma.com\/wp-content\/uploads\/2026\/01\/L1150418-1024x683.jpg 1024w, https:\/\/tacomma.com\/wp-content\/uploads\/2026\/01\/L1150418-300x200.jpg 300w, https:\/\/tacomma.com\/wp-content\/uploads\/2026\/01\/L1150418-768x512.jpg 768w, https:\/\/tacomma.com\/wp-content\/uploads\/2026\/01\/L1150418-1536x1024.jpg 1536w, https:\/\/tacomma.com\/wp-content\/uploads\/2026\/01\/L1150418-2048x1365.jpg 2048w, https:\/\/tacomma.com\/wp-content\/uploads\/2026\/01\/L1150418-920x613.jpg 920w, https:\/\/tacomma.com\/wp-content\/uploads\/2026\/01\/L1150418-666x444.jpg 666w\" sizes=\"auto, (max-width: 1024px) 100vw, 1024px\" \/><\/figure>\n","protected":false},"excerpt":{"rendered":"<p>MUTUA ET l&rsquo;ARBRE ENCHANT\u00c9 Mutua, jeune fl\u00fbtiste amazonien, se rend tous les jours aupr\u00e8s de l&rsquo;arbre enchant\u00e9 pour lui jouer<\/p>\n<p><span class=\"more-link\"><a href=\"https:\/\/tacomma.com\/index.php\/jeune-public\/mutua\/\" class=\"readmore\">Continue reading<span class=\"screen-reader-text\">MUTUA<\/span><\/a><\/span><\/p>\n","protected":false},"author":1,"featured_media":0,"parent":6,"menu_order":0,"comment_status":"closed","ping_status":"closed","template":"","meta":{"footnotes":""},"class_list":["post-10","page","type-page","status-publish","hentry"],"_links":{"self":[{"href":"https:\/\/tacomma.com\/index.php\/wp-json\/wp\/v2\/pages\/10","targetHints":{"allow":["GET"]}}],"collection":[{"href":"https:\/\/tacomma.com\/index.php\/wp-json\/wp\/v2\/pages"}],"about":[{"href":"https:\/\/tacomma.com\/index.php\/wp-json\/wp\/v2\/types\/page"}],"author":[{"embeddable":true,"href":"https:\/\/tacomma.com\/index.php\/wp-json\/wp\/v2\/users\/1"}],"replies":[{"embeddable":true,"href":"https:\/\/tacomma.com\/index.php\/wp-json\/wp\/v2\/comments?post=10"}],"version-history":[{"count":3,"href":"https:\/\/tacomma.com\/index.php\/wp-json\/wp\/v2\/pages\/10\/revisions"}],"predecessor-version":[{"id":75,"href":"https:\/\/tacomma.com\/index.php\/wp-json\/wp\/v2\/pages\/10\/revisions\/75"}],"up":[{"embeddable":true,"href":"https:\/\/tacomma.com\/index.php\/wp-json\/wp\/v2\/pages\/6"}],"wp:attachment":[{"href":"https:\/\/tacomma.com\/index.php\/wp-json\/wp\/v2\/media?parent=10"}],"curies":[{"name":"wp","href":"https:\/\/api.w.org\/{rel}","templated":true}]}}