{"id":12,"date":"2026-01-15T10:35:54","date_gmt":"2026-01-15T10:35:54","guid":{"rendered":"http:\/\/tacomma.com\/?page_id=12"},"modified":"2026-01-18T21:16:18","modified_gmt":"2026-01-18T21:16:18","slug":"aquaphonique","status":"publish","type":"page","link":"https:\/\/tacomma.com\/index.php\/jeune-public\/aquaphonique\/","title":{"rendered":"AQUAPHONIQUE"},"content":{"rendered":"\n<figure class=\"wp-block-image size-large\"><a href=\"http:\/\/www.jeanbaptisteberger.com\/wp-content\/uploads\/2021\/11\/accueilFHD-color.jpg\"><img decoding=\"async\" src=\"http:\/\/www.jeanbaptisteberger.com\/wp-content\/uploads\/2021\/11\/accueilFHD-color-1024x576.jpg\" alt=\"\" class=\"wp-image-1853\"\/><\/a><\/figure>\n\n\n\n<p><\/p>\n\n\n\n<p>AQUAPHONIQUE est un spectacle musical mais aussi le r\u00e9cit d\u2019un voyage fantastique sous la mer \u00e0 la rencontre d\u2019une baleine qui veut partager avec les humains la joie de danser et de chanter avec son petit baleineau. Le voyage d\u00e9bute suite \u00e0 la rencontre d\u2019une mouette qui invite le contrebassiste\/narrateur \u00e0 prendre le large. Tout au long du r\u00e9cit, d\u2019autres personnages-animaux guident le narrateur jusqu\u2019\u00e0 la rencontre avec la baleine.&nbsp;<\/p>\n\n\n\n<p>Les th\u00e9matiques du r\u00e9cit abordent la rencontre avec l\u2019autre, l\u2019importance d\u2019entreprendre des parcours parfois inconnus en qu\u00e8te de nouveaux savoirs. Il s\u2019agit \u00e9galement de c\u00e9l\u00e9brer la beaut\u00e9 de la faune marine, le lien d\u2019amour entre la m\u00e8re baleine et son petit baleineau et l\u2019universalisme de la musique.<\/p>\n\n\n\n<figure class=\"wp-block-embed is-type-video is-provider-youtube wp-block-embed-youtube wp-embed-aspect-16-9 wp-has-aspect-ratio\"><div class=\"wp-block-embed__wrapper\">\n<iframe loading=\"lazy\" title=\"AQUAPHONIQUE - conte musical pour clarinettes, contrebasse et baleines\" width=\"920\" height=\"518\" src=\"https:\/\/www.youtube.com\/embed\/mhe74vFtGbc?feature=oembed\" frameborder=\"0\" allow=\"accelerometer; autoplay; clipboard-write; encrypted-media; gyroscope; picture-in-picture; web-share\" referrerpolicy=\"strict-origin-when-cross-origin\" allowfullscreen><\/iframe>\n<\/div><\/figure>\n\n\n\n<figure class=\"wp-block-image size-large\"><a href=\"http:\/\/www.jeanbaptisteberger.com\/wp-content\/uploads\/2021\/11\/L1160924-1-scaled.jpg\"><img decoding=\"async\" src=\"http:\/\/www.jeanbaptisteberger.com\/wp-content\/uploads\/2021\/11\/L1160924-1-1024x683.jpg\" alt=\"\" class=\"wp-image-1852\"\/><\/a><\/figure>\n\n\n\n<p>une co-production jazzus &#8211; tacomma- la cartonnerie<\/p>\n","protected":false},"excerpt":{"rendered":"<p>AQUAPHONIQUE est un spectacle musical mais aussi le r\u00e9cit d\u2019un voyage fantastique sous la mer \u00e0 la rencontre d\u2019une baleine<\/p>\n<p><span class=\"more-link\"><a href=\"https:\/\/tacomma.com\/index.php\/jeune-public\/aquaphonique\/\" class=\"readmore\">Continue reading<span class=\"screen-reader-text\">AQUAPHONIQUE<\/span><\/a><\/span><\/p>\n","protected":false},"author":1,"featured_media":0,"parent":6,"menu_order":0,"comment_status":"closed","ping_status":"closed","template":"","meta":{"footnotes":""},"class_list":["post-12","page","type-page","status-publish","hentry"],"_links":{"self":[{"href":"https:\/\/tacomma.com\/index.php\/wp-json\/wp\/v2\/pages\/12","targetHints":{"allow":["GET"]}}],"collection":[{"href":"https:\/\/tacomma.com\/index.php\/wp-json\/wp\/v2\/pages"}],"about":[{"href":"https:\/\/tacomma.com\/index.php\/wp-json\/wp\/v2\/types\/page"}],"author":[{"embeddable":true,"href":"https:\/\/tacomma.com\/index.php\/wp-json\/wp\/v2\/users\/1"}],"replies":[{"embeddable":true,"href":"https:\/\/tacomma.com\/index.php\/wp-json\/wp\/v2\/comments?post=12"}],"version-history":[{"count":3,"href":"https:\/\/tacomma.com\/index.php\/wp-json\/wp\/v2\/pages\/12\/revisions"}],"predecessor-version":[{"id":68,"href":"https:\/\/tacomma.com\/index.php\/wp-json\/wp\/v2\/pages\/12\/revisions\/68"}],"up":[{"embeddable":true,"href":"https:\/\/tacomma.com\/index.php\/wp-json\/wp\/v2\/pages\/6"}],"wp:attachment":[{"href":"https:\/\/tacomma.com\/index.php\/wp-json\/wp\/v2\/media?parent=12"}],"curies":[{"name":"wp","href":"https:\/\/api.w.org\/{rel}","templated":true}]}}