{"id":14,"date":"2026-01-15T10:36:11","date_gmt":"2026-01-15T10:36:11","guid":{"rendered":"http:\/\/tacomma.com\/?page_id=14"},"modified":"2026-01-18T21:15:29","modified_gmt":"2026-01-18T21:15:29","slug":"impro-maestro","status":"publish","type":"page","link":"https:\/\/tacomma.com\/index.php\/jeune-public\/impro-maestro\/","title":{"rendered":"IMPRO MAESTRO"},"content":{"rendered":"\n<p>concert 6-12 ans \/ 45 min<\/p>\n\n\n\n<p>Un concert interactif? Impossible n\u2019est pas jazz !&nbsp;<\/p>\n\n\n\n<p>Sous la direction d\u2019un musicien chef d\u2019orchestre, les enfants s\u2019improvisent musiciens et improvisent tout court \u00e0 l\u2019aide du soundpainting, un langage gestuel qui permet de cr\u00e9er en temps r\u00e9el. Un vrai jeu d\u2019enfant ! Ce concert permet \u00e9galement de d\u00e9couvrir les diff\u00e9rents instruments li\u00e9s au jazz, ainsi que leurs sonorit\u00e9s.&nbsp;<\/p>\n\n\n\n<p>Jean-Baptiste Berger, saxophoniste, clarinettiste et compositeur, propose des concerts d\u2019initiation \u00e0 l\u2019improvisation et au soundpainting bas\u00e9s sur l\u2019\u00e9coute, la r\u00e9p\u00e9tition, l\u2019\u00e9change et le geste en utilisant des \u00abtoys instruments\u00bb, la voix ainsi que le corps.&nbsp;<\/p>\n\n\n\n<p>vid\u00e9o film\u00e9e lors du SUNNYKIDS FESTIVAL 2020<\/p>\n\n\n\n<p><\/p>\n\n\n\n<figure class=\"wp-block-embed is-type-video is-provider-youtube wp-block-embed-youtube wp-embed-aspect-16-9 wp-has-aspect-ratio\"><div class=\"wp-block-embed__wrapper\">\n<iframe loading=\"lazy\" title=\"IMPRO MAESTRO\" width=\"920\" height=\"518\" src=\"https:\/\/www.youtube.com\/embed\/Aci7-QNUIhI?feature=oembed\" frameborder=\"0\" allow=\"accelerometer; autoplay; clipboard-write; encrypted-media; gyroscope; picture-in-picture; web-share\" referrerpolicy=\"strict-origin-when-cross-origin\" allowfullscreen><\/iframe>\n<\/div><\/figure>\n\n\n<div class=\"wp-block-image\">\n<figure class=\"aligncenter size-full\"><a href=\"http:\/\/www.jeanbaptisteberger.com\/wp-content\/uploads\/2021\/11\/MAESTRO.jpeg\"><img decoding=\"async\" src=\"http:\/\/www.jeanbaptisteberger.com\/wp-content\/uploads\/2021\/11\/MAESTRO.jpeg\" alt=\"\" class=\"wp-image-1859\"\/><\/a><\/figure>\n<\/div>\n\n\n<p>Jean-Baptiste Berger, saxophoniste, clarinettiste et compositeur, propose des ateliers d\u2019initiation \u00e0 l\u2019improvisation et au soundpainting qui ont pour but d\u2019aborder la pratique de l\u2019improvisation via des exercices simples et accessibles bas\u00e9s sur l\u2019\u00e9coute, la r\u00e9p\u00e9tition, l\u2019\u00e9change et le geste en utilisant des \u00abtoys instruments\u00bb, la voix ainsi que le corps.<\/p>\n\n\n\n<p>R\u00e9f\u00e9rences:<\/p>\n\n\n\n<p>-Sunny Kids(Sunnyside Festival, Jazzus) 2019, 2020 et 2021&nbsp;<\/p>\n\n\n\n<p>-La Fabrique \u00e0 Jazz (Sacem) 2020<\/p>\n\n\n\n<p>-Plan B 2021 (Cabaret Vert, Charleville-M\u00e9zi\u00e8res)<\/p>\n\n\n\n<p><\/p>\n","protected":false},"excerpt":{"rendered":"<p>concert 6-12 ans \/ 45 min Un concert interactif? Impossible n\u2019est pas jazz !&nbsp; Sous la direction d\u2019un musicien chef<\/p>\n<p><span class=\"more-link\"><a href=\"https:\/\/tacomma.com\/index.php\/jeune-public\/impro-maestro\/\" class=\"readmore\">Continue reading<span class=\"screen-reader-text\">IMPRO MAESTRO<\/span><\/a><\/span><\/p>\n","protected":false},"author":1,"featured_media":0,"parent":6,"menu_order":0,"comment_status":"closed","ping_status":"closed","template":"","meta":{"footnotes":""},"class_list":["post-14","page","type-page","status-publish","hentry"],"_links":{"self":[{"href":"https:\/\/tacomma.com\/index.php\/wp-json\/wp\/v2\/pages\/14","targetHints":{"allow":["GET"]}}],"collection":[{"href":"https:\/\/tacomma.com\/index.php\/wp-json\/wp\/v2\/pages"}],"about":[{"href":"https:\/\/tacomma.com\/index.php\/wp-json\/wp\/v2\/types\/page"}],"author":[{"embeddable":true,"href":"https:\/\/tacomma.com\/index.php\/wp-json\/wp\/v2\/users\/1"}],"replies":[{"embeddable":true,"href":"https:\/\/tacomma.com\/index.php\/wp-json\/wp\/v2\/comments?post=14"}],"version-history":[{"count":3,"href":"https:\/\/tacomma.com\/index.php\/wp-json\/wp\/v2\/pages\/14\/revisions"}],"predecessor-version":[{"id":67,"href":"https:\/\/tacomma.com\/index.php\/wp-json\/wp\/v2\/pages\/14\/revisions\/67"}],"up":[{"embeddable":true,"href":"https:\/\/tacomma.com\/index.php\/wp-json\/wp\/v2\/pages\/6"}],"wp:attachment":[{"href":"https:\/\/tacomma.com\/index.php\/wp-json\/wp\/v2\/media?parent=14"}],"curies":[{"name":"wp","href":"https:\/\/api.w.org\/{rel}","templated":true}]}}