{"id":16,"date":"2026-01-15T10:36:48","date_gmt":"2026-01-15T10:36:48","guid":{"rendered":"http:\/\/tacomma.com\/?page_id=16"},"modified":"2026-01-18T21:21:01","modified_gmt":"2026-01-18T21:21:01","slug":"la-petite-histoire-du-jazz","status":"publish","type":"page","link":"https:\/\/tacomma.com\/index.php\/jeune-public\/la-petite-histoire-du-jazz\/","title":{"rendered":"LA PETITE HISTOIRE DU JAZZ"},"content":{"rendered":"\n<p>Imaginez pouvoir voyager dans le temps sur les notes d\u2019une contrebasse et d\u2019une clarinette, et assister ainsi \u00e0 la naissance de cette musique \u00e9tonnante, le Jazz, n\u00e9e de la rencontre et du m\u00e9tissage et porteuse de messages d\u2019espoir et de fraternit\u00e9 dans les moments les plus sombres de notre histoire. Vous allez rencontrer, le temps d\u2019un concert, Ella Fitzgerald, Louis Armstrong, Django Reinhardt et d\u2019autres artistes de g\u00e9nie venus des quatre coins du monde et de toutes les \u00e9poques pour participer \u00e0 la cr\u00e9ation de ce langage r\u00e9volutionnaire et universel, le seul capable de vous r\u00e9v\u00e9ler les liens entre la culture traditionnelle africaine, le rock, le blues et la soul music.<\/p>\n\n\n\n<p><\/p>\n\n\n\n<figure class=\"wp-block-embed is-type-video is-provider-youtube wp-block-embed-youtube wp-embed-aspect-16-9 wp-has-aspect-ratio\"><div class=\"wp-block-embed__wrapper\">\n<iframe loading=\"lazy\" title=\"La Petite Histoire du Jazz LIVE\" width=\"920\" height=\"518\" src=\"https:\/\/www.youtube.com\/embed\/rj7wrikZdsk?feature=oembed\" frameborder=\"0\" allow=\"accelerometer; autoplay; clipboard-write; encrypted-media; gyroscope; picture-in-picture; web-share\" referrerpolicy=\"strict-origin-when-cross-origin\" allowfullscreen><\/iframe>\n<\/div><\/figure>\n\n\n\n<figure class=\"wp-block-image size-large\"><img loading=\"lazy\" decoding=\"async\" width=\"1024\" height=\"565\" src=\"https:\/\/tacomma.com\/wp-content\/uploads\/2026\/01\/IMG_0358-2-1024x565.jpg\" alt=\"\" class=\"wp-image-70\" srcset=\"https:\/\/tacomma.com\/wp-content\/uploads\/2026\/01\/IMG_0358-2-1024x565.jpg 1024w, https:\/\/tacomma.com\/wp-content\/uploads\/2026\/01\/IMG_0358-2-300x166.jpg 300w, https:\/\/tacomma.com\/wp-content\/uploads\/2026\/01\/IMG_0358-2-768x424.jpg 768w, https:\/\/tacomma.com\/wp-content\/uploads\/2026\/01\/IMG_0358-2.jpg 1125w\" sizes=\"auto, (max-width: 1024px) 100vw, 1024px\" \/><\/figure>\n\n\n\n<figure class=\"wp-block-image size-large\"><img loading=\"lazy\" decoding=\"async\" width=\"1024\" height=\"768\" src=\"https:\/\/tacomma.com\/wp-content\/uploads\/2026\/01\/IMG_2128-1024x768.jpeg\" alt=\"\" class=\"wp-image-71\" srcset=\"https:\/\/tacomma.com\/wp-content\/uploads\/2026\/01\/IMG_2128-1024x768.jpeg 1024w, https:\/\/tacomma.com\/wp-content\/uploads\/2026\/01\/IMG_2128-300x225.jpeg 300w, https:\/\/tacomma.com\/wp-content\/uploads\/2026\/01\/IMG_2128-768x576.jpeg 768w, https:\/\/tacomma.com\/wp-content\/uploads\/2026\/01\/IMG_2128-1536x1152.jpeg 1536w, https:\/\/tacomma.com\/wp-content\/uploads\/2026\/01\/IMG_2128-2048x1536.jpeg 2048w, https:\/\/tacomma.com\/wp-content\/uploads\/2026\/01\/IMG_2128-124x93.jpeg 124w\" sizes=\"auto, (max-width: 1024px) 100vw, 1024px\" \/><\/figure>\n","protected":false},"excerpt":{"rendered":"<p>Imaginez pouvoir voyager dans le temps sur les notes d\u2019une contrebasse et d\u2019une clarinette, et assister ainsi \u00e0 la naissance<\/p>\n<p><span class=\"more-link\"><a href=\"https:\/\/tacomma.com\/index.php\/jeune-public\/la-petite-histoire-du-jazz\/\" class=\"readmore\">Continue reading<span class=\"screen-reader-text\">LA PETITE HISTOIRE DU JAZZ<\/span><\/a><\/span><\/p>\n","protected":false},"author":1,"featured_media":0,"parent":6,"menu_order":0,"comment_status":"closed","ping_status":"closed","template":"","meta":{"footnotes":""},"class_list":["post-16","page","type-page","status-publish","hentry"],"_links":{"self":[{"href":"https:\/\/tacomma.com\/index.php\/wp-json\/wp\/v2\/pages\/16","targetHints":{"allow":["GET"]}}],"collection":[{"href":"https:\/\/tacomma.com\/index.php\/wp-json\/wp\/v2\/pages"}],"about":[{"href":"https:\/\/tacomma.com\/index.php\/wp-json\/wp\/v2\/types\/page"}],"author":[{"embeddable":true,"href":"https:\/\/tacomma.com\/index.php\/wp-json\/wp\/v2\/users\/1"}],"replies":[{"embeddable":true,"href":"https:\/\/tacomma.com\/index.php\/wp-json\/wp\/v2\/comments?post=16"}],"version-history":[{"count":3,"href":"https:\/\/tacomma.com\/index.php\/wp-json\/wp\/v2\/pages\/16\/revisions"}],"predecessor-version":[{"id":72,"href":"https:\/\/tacomma.com\/index.php\/wp-json\/wp\/v2\/pages\/16\/revisions\/72"}],"up":[{"embeddable":true,"href":"https:\/\/tacomma.com\/index.php\/wp-json\/wp\/v2\/pages\/6"}],"wp:attachment":[{"href":"https:\/\/tacomma.com\/index.php\/wp-json\/wp\/v2\/media?parent=16"}],"curies":[{"name":"wp","href":"https:\/\/api.w.org\/{rel}","templated":true}]}}