{"id":22,"date":"2026-01-15T10:38:11","date_gmt":"2026-01-15T10:38:11","guid":{"rendered":"http:\/\/tacomma.com\/?page_id=22"},"modified":"2026-01-18T21:31:39","modified_gmt":"2026-01-18T21:31:39","slug":"persuasive","status":"publish","type":"page","link":"https:\/\/tacomma.com\/index.php\/musique\/persuasive\/","title":{"rendered":"PERSUASIVE"},"content":{"rendered":"\n<p class=\"has-text-align-center\"><em><strong>Jean-Baptiste Berger (fr): saxophone &amp; compositions<br>Lorenzo Di Maio (be): guitare<br>Roman Babik (all): piano<br>Tommaso Montagnani (it): basse<br>J\u00e9r\u00f4me Klein(lx) : batterie&nbsp;<\/strong><\/em><\/p>\n\n\n\n<figure class=\"wp-block-image size-large\"><a href=\"http:\/\/www.jeanbaptisteberger.com\/wp-content\/uploads\/2023\/02\/L1030745-scaled.jpg\"><img decoding=\"async\" src=\"http:\/\/www.jeanbaptisteberger.com\/wp-content\/uploads\/2023\/02\/L1030745-1024x684.jpg\" alt=\"\" class=\"wp-image-1989\"\/><\/a><\/figure>\n\n\n\n<p class=\"has-text-align-center\"><em>\u00ab\u00a0Jamais titre n&rsquo;a \u00e9t\u00e9 mieux choisi pour tenter de d\u00e9finir la musique du saxophoniste&nbsp;<strong>Jean BaptisteBerger<\/strong>&nbsp;et de son quintet europ\u00e9en\u00a0\u00bb<\/em><\/p>\n\n\n\n<p class=\"has-text-align-center\"><em>\u00ab\u00a0Voil\u00e0 une authentique d\u00e9claration d&rsquo;amour au jazz \u00e0 laquelle on ne restera pas insensible. Convaincant, on vous disait!\u00a0\u00bb<\/em><\/p>\n\n\n\n<p class=\"has-text-align-center\"><a href=\"http:\/\/lesdnj.over-blog.com\/2018\/06\/jean-baptiste-berger-persuasive.html\" target=\"_blank\" rel=\"noreferrer noopener\"><strong>Sophie Chambon,&nbsp;les DNJ<\/strong><\/a><\/p>\n\n\n\n<figure class=\"wp-block-embed is-type-video is-provider-youtube wp-block-embed-youtube wp-embed-aspect-16-9 wp-has-aspect-ratio\"><div class=\"wp-block-embed__wrapper\">\n<iframe loading=\"lazy\" title=\"PERSUASIVE - AERO:  Shine Shine Shine My Little Star (Jean-Baptiste Berger)\" width=\"920\" height=\"518\" src=\"https:\/\/www.youtube.com\/embed\/HrbzUg2mLG4?feature=oembed\" frameborder=\"0\" allow=\"accelerometer; autoplay; clipboard-write; encrypted-media; gyroscope; picture-in-picture; web-share\" referrerpolicy=\"strict-origin-when-cross-origin\" allowfullscreen><\/iframe>\n<\/div><\/figure>\n\n\n\n<p>\u00c7a vient d\u2019o\u00f9 la force de persuasion ? D\u2019un regard appuy\u00e9 sur une parole ? Possible. D\u2019un sourire franc qui vous allume des images illico ? Plut\u00f4t. Mais PERSU\u0394SIVE, quintet accorte, ne fait pas que sourire. Il a \u00e9galement le souffle en bandouli\u00e8re. Souffle \u00e9pique, murmure discret, saccades aussi joueuses que pr\u00e9cises. L\u2019imaginaire et la musique d\u00e9velopp\u00e9s au sein du combo men\u00e9 par Jean-Baptiste Berger s\u2019en nourrissent grandement. De cela et de la force des \u00e9changes. Remarqu\u00e9 et f\u00eat\u00e9 par ses pairs, PERSU\u0394SIVE est avant tout un quintet europ\u00e9en.<\/p>\n\n\n\n<p>Avec ce deuxi\u00e8me opus \u0394ERO, son leader, saxophoniste et clarinettiste, prend l\u2019air \u00e0 la bouche de l\u2019Italie, de la Belgique, du Luxembourg et de l\u2019Allemagne. M\u00e9lange des origines, m\u00e9lange des influences. Chaque m\u00e9lodie, pos\u00e9e sur une science solide des boucles et du groove, est berc\u00e9e par l\u2019\u00e9ventail des musiques actuelles qui pousse alors vers un plaisir diablement communicatif. En d\u2019autres temps, cette qualit\u00e9 de persuasion se serait laiss\u00e9e appeler force tranquille.<br><br><em>Soutenu par la DRAC Champagne Ardenne, la Region Grand-Est, le departement de la<\/em><br><em>Marne, la ville de Reims, CNCM\/C\u00e9sar\u00e9, Jazzus<\/em><\/p>\n\n\n\n<figure class=\"wp-block-embed is-type-video is-provider-youtube wp-block-embed-youtube wp-embed-aspect-16-9 wp-has-aspect-ratio\"><div class=\"wp-block-embed__wrapper\">\n<iframe loading=\"lazy\" title=\"PERSUASIVE - AERO - First Breath\" width=\"920\" height=\"518\" src=\"https:\/\/www.youtube.com\/embed\/ESzz7AkhHpY?feature=oembed\" frameborder=\"0\" allow=\"accelerometer; autoplay; clipboard-write; encrypted-media; gyroscope; picture-in-picture; web-share\" referrerpolicy=\"strict-origin-when-cross-origin\" allowfullscreen><\/iframe>\n<\/div><\/figure>\n\n\n\n<figure class=\"wp-block-embed is-type-video is-provider-youtube wp-block-embed-youtube wp-embed-aspect-16-9 wp-has-aspect-ratio\"><div class=\"wp-block-embed__wrapper\">\n<iframe loading=\"lazy\" title=\"AERO - PERSUASIVE Black Sheep (extrait)\" width=\"920\" height=\"518\" src=\"https:\/\/www.youtube.com\/embed\/6iw203jDZbo?feature=oembed\" frameborder=\"0\" allow=\"accelerometer; autoplay; clipboard-write; encrypted-media; gyroscope; picture-in-picture; web-share\" referrerpolicy=\"strict-origin-when-cross-origin\" allowfullscreen><\/iframe>\n<\/div><\/figure>\n\n\n\n<figure class=\"wp-block-image size-large\"><a href=\"http:\/\/www.jeanbaptisteberger.com\/wp-content\/uploads\/2023\/02\/L1030781-scaled.jpg\"><img decoding=\"async\" src=\"http:\/\/www.jeanbaptisteberger.com\/wp-content\/uploads\/2023\/02\/L1030781-1024x683.jpg\" alt=\"\" class=\"wp-image-1997\"\/><\/a><\/figure>\n","protected":false},"excerpt":{"rendered":"<p>Jean-Baptiste Berger (fr): saxophone &amp; compositionsLorenzo Di Maio (be): guitareRoman Babik (all): pianoTommaso Montagnani (it): basseJ\u00e9r\u00f4me Klein(lx) : batterie&nbsp; \u00ab\u00a0Jamais<\/p>\n<p><span class=\"more-link\"><a href=\"https:\/\/tacomma.com\/index.php\/musique\/persuasive\/\" class=\"readmore\">Continue reading<span class=\"screen-reader-text\">PERSUASIVE<\/span><\/a><\/span><\/p>\n","protected":false},"author":1,"featured_media":0,"parent":18,"menu_order":0,"comment_status":"closed","ping_status":"closed","template":"","meta":{"footnotes":""},"class_list":["post-22","page","type-page","status-publish","hentry"],"_links":{"self":[{"href":"https:\/\/tacomma.com\/index.php\/wp-json\/wp\/v2\/pages\/22","targetHints":{"allow":["GET"]}}],"collection":[{"href":"https:\/\/tacomma.com\/index.php\/wp-json\/wp\/v2\/pages"}],"about":[{"href":"https:\/\/tacomma.com\/index.php\/wp-json\/wp\/v2\/types\/page"}],"author":[{"embeddable":true,"href":"https:\/\/tacomma.com\/index.php\/wp-json\/wp\/v2\/users\/1"}],"replies":[{"embeddable":true,"href":"https:\/\/tacomma.com\/index.php\/wp-json\/wp\/v2\/comments?post=22"}],"version-history":[{"count":4,"href":"https:\/\/tacomma.com\/index.php\/wp-json\/wp\/v2\/pages\/22\/revisions"}],"predecessor-version":[{"id":82,"href":"https:\/\/tacomma.com\/index.php\/wp-json\/wp\/v2\/pages\/22\/revisions\/82"}],"up":[{"embeddable":true,"href":"https:\/\/tacomma.com\/index.php\/wp-json\/wp\/v2\/pages\/18"}],"wp:attachment":[{"href":"https:\/\/tacomma.com\/index.php\/wp-json\/wp\/v2\/media?parent=22"}],"curies":[{"name":"wp","href":"https:\/\/api.w.org\/{rel}","templated":true}]}}